{"id":14,"date":"2024-10-16T14:42:23","date_gmt":"2024-10-16T14:42:23","guid":{"rendered":"https:\/\/openshops.rkinformatika.online\/?page_id=14"},"modified":"2025-03-25T08:11:14","modified_gmt":"2025-03-25T08:11:14","slug":"servicios","status":"publish","type":"page","link":"https:\/\/fontaneriamon.com\/eu\/servicios\/","title":{"rendered":"ZERBITZUAK"},"content":{"rendered":"<div data-elementor-type=\"wp-page\" data-elementor-id=\"14\" class=\"elementor elementor-14\" data-elementor-post-type=\"page\">\n\t\t\t\t<div class=\"elementor-element elementor-element-332f95a e-flex e-con-boxed e-con e-parent\" data-id=\"332f95a\" data-element_type=\"container\" data-e-type=\"container\" data-settings=\"{&quot;background_background&quot;:&quot;classic&quot;}\">\n\t\t\t\t\t<div class=\"e-con-inner\">\n\t\t<div class=\"elementor-element elementor-element-9bc7600 e-con-full e-flex e-con e-child\" data-id=\"9bc7600\" data-element_type=\"container\" data-e-type=\"container\">\n\t\t\t\t<div class=\"elementor-element elementor-element-1927d46 elementor-invisible elementor-widget elementor-widget-heading\" data-id=\"1927d46\" data-element_type=\"widget\" data-e-type=\"widget\" data-settings=\"{&quot;_animation&quot;:&quot;zoomIn&quot;}\" data-widget_type=\"heading.default\">\n\t\t\t\t<div class=\"elementor-widget-container\">\n\t\t\t\t\t<h1 class=\"elementor-heading-title elementor-size-default\">Servicios de Fontaner\u00eda y Calefacci\u00f3n <\/h1>\t\t\t\t<\/div>\n\t\t\t\t<\/div>\n\t\t<div class=\"elementor-element elementor-element-eaeebf3 e-con-full e-flex e-con e-child\" data-id=\"eaeebf3\" data-element_type=\"container\" data-e-type=\"container\">\n\t\t\t\t<div class=\"elementor-element elementor-element-53bb06a9 elementor-align-right elementor-widget__width-auto elementor-mobile-align-justify elementor-widget-mobile__width-initial elementor-tablet-align-justify elementor-widget-tablet__width-initial elementor-invisible elementor-widget elementor-widget-button\" data-id=\"53bb06a9\" data-element_type=\"widget\" data-e-type=\"widget\" data-settings=\"{&quot;_animation&quot;:&quot;fadeInLeft&quot;}\" data-widget_type=\"button.default\">\n\t\t\t\t<div class=\"elementor-widget-container\">\n\t\t\t\t\t\t\t\t\t<div class=\"elementor-button-wrapper\">\n\t\t\t\t\t<a class=\"elementor-button elementor-button-link elementor-size-sm elementor-animation-grow\" href=\"https:\/\/fontaneriamon.com\/eu\/contacto\/\">\n\t\t\t\t\t\t<span class=\"elementor-button-content-wrapper\">\n\t\t\t\t\t\t\t\t\t<span class=\"elementor-button-text\">llamanos<\/span>\n\t\t\t\t\t<\/span>\n\t\t\t\t\t<\/a>\n\t\t\t\t<\/div>\n\t\t\t\t\t\t\t\t<\/div>\n\t\t\t\t<\/div>\n\t\t\t\t<\/div>\n\t\t\t\t<\/div>\n\t\t\t\t\t<\/div>\n\t\t\t\t<\/div>\n\t\t<div class=\"elementor-element elementor-element-6209a8d5 e-con-full e-flex e-con e-parent\" data-id=\"6209a8d5\" data-element_type=\"container\" data-e-type=\"container\" data-settings=\"{&quot;background_background&quot;:&quot;classic&quot;}\">\n\t\t<div class=\"elementor-element elementor-element-3c64ac2f e-flex e-con-boxed e-con e-child\" data-id=\"3c64ac2f\" data-element_type=\"container\" data-e-type=\"container\">\n\t\t\t\t\t<div class=\"e-con-inner\">\n\t\t\t\t<div class=\"elementor-element elementor-element-14ea4f03 elementor-widget__width-initial elementor-invisible elementor-widget elementor-widget-heading\" data-id=\"14ea4f03\" data-element_type=\"widget\" data-e-type=\"widget\" data-settings=\"{&quot;_animation&quot;:&quot;fadeInUp&quot;}\" data-widget_type=\"heading.default\">\n\t\t\t\t<div class=\"elementor-widget-container\">\n\t\t\t\t\t<h2 class=\"elementor-heading-title elementor-size-default\">\u00a1Dinos lo que necesitas y nosotros te lo servimos. !<\/h2>\t\t\t\t<\/div>\n\t\t\t\t<\/div>\n\t\t\t\t\t<\/div>\n\t\t\t\t<\/div>\n\t\t<div class=\"elementor-element elementor-element-28d95779 e-con-full e-flex e-con e-child\" data-id=\"28d95779\" data-element_type=\"container\" data-e-type=\"container\">\n\t\t<div class=\"elementor-element elementor-element-691d41cd e-con-full e-flex elementor-invisible e-con e-child\" data-id=\"691d41cd\" data-element_type=\"container\" data-e-type=\"container\" data-settings=\"{&quot;animation&quot;:&quot;fadeInUp&quot;}\">\n\t\t\t\t<div class=\"elementor-element elementor-element-66fa0d84 elementor-cta--layout-image-below elementor-cta--valign-middle elementor-cta--skin-classic elementor-animated-content elementor-bg-transform elementor-bg-transform-zoom-in elementor-widget elementor-widget-call-to-action\" data-id=\"66fa0d84\" data-element_type=\"widget\" data-e-type=\"widget\" data-widget_type=\"call-to-action.default\">\n\t\t\t\t<div class=\"elementor-widget-container\">\n\t\t\t\t\t\t\t<div class=\"elementor-cta\">\n\t\t\t\t\t<div class=\"elementor-cta__bg-wrapper\">\n\t\t\t\t<div class=\"elementor-cta__bg elementor-bg\" style=\"background-image: url(https:\/\/fontaneriamon.com\/wp-content\/uploads\/elementor\/thumbs\/55822-r33adjvtvni8ltxw2fch1rwp2zoebehxthdai4bu6g.jpg);\" role=\"img\" aria-label=\"55822\"><\/div>\n\t\t\t\t<div class=\"elementor-cta__bg-overlay\"><\/div>\n\t\t\t<\/div>\n\t\t\t\t\t\t\t\t<\/div>\n\t\t\t\t\t\t<\/div>\n\t\t\t\t<\/div>\n\t\t\t\t<div class=\"elementor-element elementor-element-aab0419 elementor-widget elementor-widget-heading\" data-id=\"aab0419\" data-element_type=\"widget\" data-e-type=\"widget\" data-widget_type=\"heading.default\">\n\t\t\t\t<div class=\"elementor-widget-container\">\n\t\t\t\t\t<h2 class=\"elementor-heading-title elementor-size-default\">Calderas<\/h2>\t\t\t\t<\/div>\n\t\t\t\t<\/div>\n\t\t\t\t<div class=\"elementor-element elementor-element-411e5a6 elementor-widget elementor-widget-text-editor\" data-id=\"411e5a6\" data-element_type=\"widget\" data-e-type=\"widget\" data-widget_type=\"text-editor.default\">\n\t\t\t\t<div class=\"elementor-widget-container\">\n\t\t\t\t\t\t\t\t\t<p>Instalamos y mantenemos calderas de diferentes tipos, tanto para calefacci\u00f3n como para agua caliente sanitaria, garantizando su eficiencia y rendimiento. Tambi\u00e9n realizamos reparaciones r\u00e1pidas y efectivas.<\/p>\t\t\t\t\t\t\t\t<\/div>\n\t\t\t\t<\/div>\n\t\t\t\t<\/div>\n\t\t<div class=\"elementor-element elementor-element-0779d66 e-con-full e-flex elementor-invisible e-con e-child\" data-id=\"0779d66\" data-element_type=\"container\" data-e-type=\"container\" data-settings=\"{&quot;animation&quot;:&quot;fadeInUp&quot;}\">\n\t\t\t\t<div class=\"elementor-element elementor-element-4024eac elementor-cta--layout-image-above elementor-cta--valign-middle elementor-cta--skin-classic elementor-animated-content elementor-bg-transform elementor-bg-transform-zoom-in elementor-widget elementor-widget-call-to-action\" data-id=\"4024eac\" data-element_type=\"widget\" data-e-type=\"widget\" data-widget_type=\"call-to-action.default\">\n\t\t\t\t<div class=\"elementor-widget-container\">\n\t\t\t\t\t\t\t<div class=\"elementor-cta\">\n\t\t\t\t\t<div class=\"elementor-cta__bg-wrapper\">\n\t\t\t\t<div class=\"elementor-cta__bg elementor-bg\" style=\"background-image: url(https:\/\/fontaneriamon.com\/wp-content\/uploads\/2025\/03\/Captura-desde-2025-03-19-14-36-14.png);\" role=\"img\" aria-label=\"Captura desde 2025-03-19 14-36-14\"><\/div>\n\t\t\t\t<div class=\"elementor-cta__bg-overlay\"><\/div>\n\t\t\t<\/div>\n\t\t\t\t\t\t\t\t<\/div>\n\t\t\t\t\t\t<\/div>\n\t\t\t\t<\/div>\n\t\t\t\t<div class=\"elementor-element elementor-element-a5fcb53 elementor-widget elementor-widget-heading\" data-id=\"a5fcb53\" data-element_type=\"widget\" data-e-type=\"widget\" data-widget_type=\"heading.default\">\n\t\t\t\t<div class=\"elementor-widget-container\">\n\t\t\t\t\t<h2 class=\"elementor-heading-title elementor-size-default\">Suelo Radiante<\/h2>\t\t\t\t<\/div>\n\t\t\t\t<\/div>\n\t\t\t\t<div class=\"elementor-element elementor-element-1d50aed elementor-widget elementor-widget-text-editor\" data-id=\"1d50aed\" data-element_type=\"widget\" data-e-type=\"widget\" data-widget_type=\"text-editor.default\">\n\t\t\t\t<div class=\"elementor-widget-container\">\n\t\t\t\t\t\t\t\t\t<p>Ofrecemos la instalaci\u00f3n de sistemas de suelo radiante para una calefacci\u00f3n eficiente y confortable. Nos encargamos de su mantenimiento y reparaci\u00f3n, asegurando su buen funcionamiento durante todo el a\u00f1o.<\/p>\t\t\t\t\t\t\t\t<\/div>\n\t\t\t\t<\/div>\n\t\t\t\t<\/div>\n\t\t<div class=\"elementor-element elementor-element-ce7386f e-con-full e-flex elementor-invisible e-con e-child\" data-id=\"ce7386f\" data-element_type=\"container\" data-e-type=\"container\" data-settings=\"{&quot;animation&quot;:&quot;fadeInUp&quot;}\">\n\t\t\t\t<div class=\"elementor-element elementor-element-ee1b055 elementor-cta--layout-image-above elementor-cta--valign-middle elementor-cta--skin-classic elementor-animated-content elementor-bg-transform elementor-bg-transform-zoom-in elementor-widget elementor-widget-call-to-action\" data-id=\"ee1b055\" data-element_type=\"widget\" data-e-type=\"widget\" data-widget_type=\"call-to-action.default\">\n\t\t\t\t<div class=\"elementor-widget-container\">\n\t\t\t\t\t\t\t<div class=\"elementor-cta\">\n\t\t\t\t\t<div class=\"elementor-cta__bg-wrapper\">\n\t\t\t\t<div class=\"elementor-cta__bg elementor-bg\" style=\"background-image: url(https:\/\/fontaneriamon.com\/wp-content\/uploads\/2025\/03\/2149250266.jpg);\" role=\"img\" aria-label=\"2149250266\"><\/div>\n\t\t\t\t<div class=\"elementor-cta__bg-overlay\"><\/div>\n\t\t\t<\/div>\n\t\t\t\t\t\t\t\t<\/div>\n\t\t\t\t\t\t<\/div>\n\t\t\t\t<\/div>\n\t\t\t\t<div class=\"elementor-element elementor-element-e264cd8 elementor-widget elementor-widget-heading\" data-id=\"e264cd8\" data-element_type=\"widget\" data-e-type=\"widget\" data-widget_type=\"heading.default\">\n\t\t\t\t<div class=\"elementor-widget-container\">\n\t\t\t\t\t<h2 class=\"elementor-heading-title elementor-size-default\">Aerotermia<\/h2>\t\t\t\t<\/div>\n\t\t\t\t<\/div>\n\t\t\t\t<div class=\"elementor-element elementor-element-127f243 elementor-widget elementor-widget-text-editor\" data-id=\"127f243\" data-element_type=\"widget\" data-e-type=\"widget\" data-widget_type=\"text-editor.default\">\n\t\t\t\t<div class=\"elementor-widget-container\">\n\t\t\t\t\t\t\t\t\t<p>Especialistas en la instalaci\u00f3n de sistemas de aerotermia, que utilizan energ\u00eda renovable del aire para la climatizaci\u00f3n de tu hogar, logrando un alto ahorro energ\u00e9tico y respeto por el medio ambiente.<\/p>\t\t\t\t\t\t\t\t<\/div>\n\t\t\t\t<\/div>\n\t\t\t\t<\/div>\n\t\t\t\t<\/div>\n\t\t\t\t<\/div>\n\t\t<div class=\"elementor-element elementor-element-2786bcf e-con-full e-flex e-con e-parent\" data-id=\"2786bcf\" data-element_type=\"container\" data-e-type=\"container\" data-settings=\"{&quot;background_background&quot;:&quot;classic&quot;}\">\n\t\t<div class=\"elementor-element elementor-element-b4e7c5e e-con-full e-flex e-con e-child\" data-id=\"b4e7c5e\" data-element_type=\"container\" data-e-type=\"container\">\n\t\t<div class=\"elementor-element elementor-element-1e2fec9 e-con-full e-flex elementor-invisible e-con e-child\" data-id=\"1e2fec9\" data-element_type=\"container\" data-e-type=\"container\" data-settings=\"{&quot;animation&quot;:&quot;fadeInUp&quot;}\">\n\t\t\t\t<div class=\"elementor-element elementor-element-3a2a4d2 elementor-cta--layout-image-below elementor-cta--valign-middle elementor-cta--skin-classic elementor-animated-content elementor-bg-transform elementor-bg-transform-zoom-in elementor-widget elementor-widget-call-to-action\" data-id=\"3a2a4d2\" data-element_type=\"widget\" data-e-type=\"widget\" data-widget_type=\"call-to-action.default\">\n\t\t\t\t<div class=\"elementor-widget-container\">\n\t\t\t\t\t\t\t<div class=\"elementor-cta\">\n\t\t\t\t\t<div class=\"elementor-cta__bg-wrapper\">\n\t\t\t\t<div class=\"elementor-cta__bg elementor-bg\" style=\"background-image: url(https:\/\/fontaneriamon.com\/wp-content\/uploads\/elementor\/thumbs\/7326-r33blfyj05l8qc6qrwcbz76jnpceqlqq6q0i8991mw.jpg);\" role=\"img\" aria-label=\"7326\"><\/div>\n\t\t\t\t<div class=\"elementor-cta__bg-overlay\"><\/div>\n\t\t\t<\/div>\n\t\t\t\t\t\t\t\t<\/div>\n\t\t\t\t\t\t<\/div>\n\t\t\t\t<\/div>\n\t\t\t\t<div class=\"elementor-element elementor-element-3417ec2 elementor-widget elementor-widget-heading\" data-id=\"3417ec2\" data-element_type=\"widget\" data-e-type=\"widget\" data-widget_type=\"heading.default\">\n\t\t\t\t<div class=\"elementor-widget-container\">\n\t\t\t\t\t<h2 class=\"elementor-heading-title elementor-size-default\">Reformas Integrales<\/h2>\t\t\t\t<\/div>\n\t\t\t\t<\/div>\n\t\t\t\t<div class=\"elementor-element elementor-element-d578b1b elementor-widget elementor-widget-text-editor\" data-id=\"d578b1b\" data-element_type=\"widget\" data-e-type=\"widget\" data-widget_type=\"text-editor.default\">\n\t\t\t\t<div class=\"elementor-widget-container\">\n\t\t\t\t\t\t\t\t\t<p>Realizamos reformas completas de instalaciones de fontaner\u00eda y calefacci\u00f3n, adapt\u00e1ndonos a las necesidades de cada cliente y proporcionando soluciones personalizadas para su hogar o negocio.<\/p>\t\t\t\t\t\t\t\t<\/div>\n\t\t\t\t<\/div>\n\t\t\t\t<\/div>\n\t\t<div class=\"elementor-element elementor-element-e32cf60 e-con-full e-flex elementor-invisible e-con e-child\" data-id=\"e32cf60\" data-element_type=\"container\" data-e-type=\"container\" data-settings=\"{&quot;animation&quot;:&quot;fadeInUp&quot;}\">\n\t\t\t\t<div class=\"elementor-element elementor-element-415826e elementor-cta--layout-image-above elementor-cta--valign-middle elementor-cta--skin-classic elementor-animated-content elementor-bg-transform elementor-bg-transform-zoom-in elementor-widget elementor-widget-call-to-action\" data-id=\"415826e\" data-element_type=\"widget\" data-e-type=\"widget\" data-widget_type=\"call-to-action.default\">\n\t\t\t\t<div class=\"elementor-widget-container\">\n\t\t\t\t\t\t\t<div class=\"elementor-cta\">\n\t\t\t\t\t<div class=\"elementor-cta__bg-wrapper\">\n\t\t\t\t<div class=\"elementor-cta__bg elementor-bg\" style=\"background-image: url(https:\/\/fontaneriamon.com\/wp-content\/uploads\/2025\/03\/2149176718.jpg);\" role=\"img\" aria-label=\"2149176718\"><\/div>\n\t\t\t\t<div class=\"elementor-cta__bg-overlay\"><\/div>\n\t\t\t<\/div>\n\t\t\t\t\t\t\t\t<\/div>\n\t\t\t\t\t\t<\/div>\n\t\t\t\t<\/div>\n\t\t\t\t<div class=\"elementor-element elementor-element-92ec546 elementor-widget elementor-widget-heading\" data-id=\"92ec546\" data-element_type=\"widget\" data-e-type=\"widget\" data-widget_type=\"heading.default\">\n\t\t\t\t<div class=\"elementor-widget-container\">\n\t\t\t\t\t<h2 class=\"elementor-heading-title elementor-size-default\">Mantenimiento Preventivo<\/h2>\t\t\t\t<\/div>\n\t\t\t\t<\/div>\n\t\t\t\t<div class=\"elementor-element elementor-element-e932a27 elementor-widget elementor-widget-text-editor\" data-id=\"e932a27\" data-element_type=\"widget\" data-e-type=\"widget\" data-widget_type=\"text-editor.default\">\n\t\t\t\t<div class=\"elementor-widget-container\">\n\t\t\t\t\t\t\t\t\t<p>Ofrecemos contratos de mantenimiento preventivo para calderas, sistemas de calefacci\u00f3n y fontaner\u00eda, evitando aver\u00edas y garantizando su correcto funcionamiento a lo largo del a\u00f1o.<\/p>\t\t\t\t\t\t\t\t<\/div>\n\t\t\t\t<\/div>\n\t\t\t\t<\/div>\n\t\t<div class=\"elementor-element elementor-element-cc23836 e-con-full e-flex elementor-invisible e-con e-child\" data-id=\"cc23836\" data-element_type=\"container\" data-e-type=\"container\" data-settings=\"{&quot;animation&quot;:&quot;fadeInUp&quot;}\">\n\t\t\t\t<div class=\"elementor-element elementor-element-3ab95a3 elementor-cta--layout-image-above elementor-cta--valign-middle elementor-cta--skin-classic elementor-animated-content elementor-bg-transform elementor-bg-transform-zoom-in elementor-widget elementor-widget-call-to-action\" data-id=\"3ab95a3\" data-element_type=\"widget\" data-e-type=\"widget\" data-widget_type=\"call-to-action.default\">\n\t\t\t\t<div class=\"elementor-widget-container\">\n\t\t\t\t\t\t\t<div class=\"elementor-cta\">\n\t\t\t\t\t<div class=\"elementor-cta__bg-wrapper\">\n\t\t\t\t<div class=\"elementor-cta__bg elementor-bg\" style=\"background-image: url(https:\/\/fontaneriamon.com\/wp-content\/uploads\/2025\/03\/2150990725.jpg);\" role=\"img\" aria-label=\"2150990725\"><\/div>\n\t\t\t\t<div class=\"elementor-cta__bg-overlay\"><\/div>\n\t\t\t<\/div>\n\t\t\t\t\t\t\t\t<\/div>\n\t\t\t\t\t\t<\/div>\n\t\t\t\t<\/div>\n\t\t\t\t<div class=\"elementor-element elementor-element-ae0a2cb elementor-widget elementor-widget-heading\" data-id=\"ae0a2cb\" data-element_type=\"widget\" data-e-type=\"widget\" data-widget_type=\"heading.default\">\n\t\t\t\t<div class=\"elementor-widget-container\">\n\t\t\t\t\t<h2 class=\"elementor-heading-title elementor-size-default\">Fontaner\u00eda<\/h2>\t\t\t\t<\/div>\n\t\t\t\t<\/div>\n\t\t\t\t<div class=\"elementor-element elementor-element-3211e14 elementor-widget elementor-widget-text-editor\" data-id=\"3211e14\" data-element_type=\"widget\" data-e-type=\"widget\" data-widget_type=\"text-editor.default\">\n\t\t\t\t<div class=\"elementor-widget-container\">\n\t\t\t\t\t\t\t\t\t<p>Servicios profesionales de instalaci\u00f3n, reparaci\u00f3n, desatascos, mantenimiento y detecci\u00f3n de fugas en sistemas de fontaner\u00eda con 25 a\u00f1os de experiencia.<\/p>\t\t\t\t\t\t\t\t<\/div>\n\t\t\t\t<\/div>\n\t\t\t\t<\/div>\n\t\t\t\t<\/div>\n\t\t\t\t<\/div>\n\t\t\t\t<\/div>","protected":false},"excerpt":{"rendered":"<p>Servicios de Fontaner\u00eda y Calefacci\u00f3n llamanos \u00a1Dinos lo que necesitas y nosotros te lo servimos. ! Calderas Instalamos y mantenemos calderas de diferentes tipos, tanto para calefacci\u00f3n como para agua caliente sanitaria, garantizando su eficiencia y rendimiento. Tambi\u00e9n realizamos reparaciones r\u00e1pidas y efectivas. Suelo Radiante Ofrecemos la instalaci\u00f3n de sistemas de suelo radiante para una [&hellip;]<\/p>\n","protected":false},"author":4,"featured_media":0,"parent":0,"menu_order":0,"comment_status":"closed","ping_status":"closed","template":"elementor_canvas","meta":{"footnotes":""},"class_list":["post-14","page","type-page","status-publish","hentry"],"yoast_head":"<!-- This site is optimized with the Yoast SEO plugin v27.3 - https:\/\/yoast.com\/product\/yoast-seo-wordpress\/ -->\n<title>Servicios - Fontaner\u00eda y Calefacci\u00f3n Oscar<\/title>\n<meta name=\"robots\" content=\"index, follow, max-snippet:-1, max-image-preview:large, max-video-preview:-1\" \/>\n<link rel=\"canonical\" href=\"https:\/\/fontaneriamon.com\/eu\/servicios\/\" \/>\n<meta property=\"og:locale\" content=\"en_US\" \/>\n<meta property=\"og:type\" content=\"article\" \/>\n<meta property=\"og:title\" content=\"Servicios - Fontaner\u00eda y Calefacci\u00f3n Oscar\" \/>\n<meta property=\"og:description\" content=\"Servicios de Fontaner\u00eda y Calefacci\u00f3n llamanos \u00a1Dinos lo que necesitas y nosotros te lo servimos. ! Calderas Instalamos y mantenemos calderas de diferentes tipos, tanto para calefacci\u00f3n como para agua caliente sanitaria, garantizando su eficiencia y rendimiento. Tambi\u00e9n realizamos reparaciones r\u00e1pidas y efectivas. Suelo Radiante Ofrecemos la instalaci\u00f3n de sistemas de suelo radiante para una [&hellip;]\" \/>\n<meta property=\"og:url\" content=\"https:\/\/fontaneriamon.com\/eu\/servicios\/\" \/>\n<meta property=\"og:site_name\" content=\"Fontaner\u00eda y Calefacci\u00f3n Oscar\" \/>\n<meta property=\"article:modified_time\" content=\"2025-03-25T08:11:14+00:00\" \/>\n<meta name=\"twitter:card\" content=\"summary_large_image\" \/>\n<meta name=\"twitter:label1\" content=\"Est. reading time\" \/>\n\t<meta name=\"twitter:data1\" content=\"1 minutua\" \/>\n<script type=\"application\/ld+json\" class=\"yoast-schema-graph\">{\"@context\":\"https:\\\/\\\/schema.org\",\"@graph\":[{\"@type\":\"WebPage\",\"@id\":\"https:\\\/\\\/fontaneriamon.com\\\/servicios\\\/\",\"url\":\"https:\\\/\\\/fontaneriamon.com\\\/servicios\\\/\",\"name\":\"Servicios - Fontaner\u00eda y Calefacci\u00f3n Oscar\",\"isPartOf\":{\"@id\":\"https:\\\/\\\/fontaneriamon.com\\\/#website\"},\"datePublished\":\"2024-10-16T14:42:23+00:00\",\"dateModified\":\"2025-03-25T08:11:14+00:00\",\"breadcrumb\":{\"@id\":\"https:\\\/\\\/fontaneriamon.com\\\/servicios\\\/#breadcrumb\"},\"inLanguage\":\"eu\",\"potentialAction\":[{\"@type\":\"ReadAction\",\"target\":[\"https:\\\/\\\/fontaneriamon.com\\\/servicios\\\/\"]}]},{\"@type\":\"BreadcrumbList\",\"@id\":\"https:\\\/\\\/fontaneriamon.com\\\/servicios\\\/#breadcrumb\",\"itemListElement\":[{\"@type\":\"ListItem\",\"position\":1,\"name\":\"Portada\",\"item\":\"https:\\\/\\\/fontaneriamon.com\\\/\"},{\"@type\":\"ListItem\",\"position\":2,\"name\":\"Servicios\"}]},{\"@type\":\"WebSite\",\"@id\":\"https:\\\/\\\/fontaneriamon.com\\\/#website\",\"url\":\"https:\\\/\\\/fontaneriamon.com\\\/\",\"name\":\"Fontaner\u00eda y Calefacci\u00f3n Oscar\",\"description\":\"Fontaner\u00eda y calefacci\u00f3n \",\"publisher\":{\"@id\":\"https:\\\/\\\/fontaneriamon.com\\\/#organization\"},\"potentialAction\":[{\"@type\":\"SearchAction\",\"target\":{\"@type\":\"EntryPoint\",\"urlTemplate\":\"https:\\\/\\\/fontaneriamon.com\\\/?s={search_term_string}\"},\"query-input\":{\"@type\":\"PropertyValueSpecification\",\"valueRequired\":true,\"valueName\":\"search_term_string\"}}],\"inLanguage\":\"eu\"},{\"@type\":\"Organization\",\"@id\":\"https:\\\/\\\/fontaneriamon.com\\\/#organization\",\"name\":\"Fontaner\u00eda y Calefacci\u00f3n Oscar\",\"url\":\"https:\\\/\\\/fontaneriamon.com\\\/\",\"logo\":{\"@type\":\"ImageObject\",\"inLanguage\":\"eu\",\"@id\":\"https:\\\/\\\/fontaneriamon.com\\\/#\\\/schema\\\/logo\\\/image\\\/\",\"url\":\"https:\\\/\\\/fontaneriamon.com\\\/wp-content\\\/uploads\\\/2025\\\/03\\\/cropped-Design-sem-nome.png\",\"contentUrl\":\"https:\\\/\\\/fontaneriamon.com\\\/wp-content\\\/uploads\\\/2025\\\/03\\\/cropped-Design-sem-nome.png\",\"width\":500,\"height\":184,\"caption\":\"Fontaner\u00eda y Calefacci\u00f3n Oscar\"},\"image\":{\"@id\":\"https:\\\/\\\/fontaneriamon.com\\\/#\\\/schema\\\/logo\\\/image\\\/\"}}]}<\/script>\n<!-- \/ Yoast SEO plugin. -->","yoast_head_json":{"title":"Servicios - Fontaner\u00eda y Calefacci\u00f3n Oscar","robots":{"index":"index","follow":"follow","max-snippet":"max-snippet:-1","max-image-preview":"max-image-preview:large","max-video-preview":"max-video-preview:-1"},"canonical":"https:\/\/fontaneriamon.com\/eu\/servicios\/","og_locale":"en_US","og_type":"article","og_title":"Servicios - Fontaner\u00eda y Calefacci\u00f3n Oscar","og_description":"Servicios de Fontaner\u00eda y Calefacci\u00f3n llamanos \u00a1Dinos lo que necesitas y nosotros te lo servimos. ! Calderas Instalamos y mantenemos calderas de diferentes tipos, tanto para calefacci\u00f3n como para agua caliente sanitaria, garantizando su eficiencia y rendimiento. Tambi\u00e9n realizamos reparaciones r\u00e1pidas y efectivas. Suelo Radiante Ofrecemos la instalaci\u00f3n de sistemas de suelo radiante para una [&hellip;]","og_url":"https:\/\/fontaneriamon.com\/eu\/servicios\/","og_site_name":"Fontaner\u00eda y Calefacci\u00f3n Oscar","article_modified_time":"2025-03-25T08:11:14+00:00","twitter_card":"summary_large_image","twitter_misc":{"Est. reading time":"1 minutua"},"schema":{"@context":"https:\/\/schema.org","@graph":[{"@type":"WebPage","@id":"https:\/\/fontaneriamon.com\/servicios\/","url":"https:\/\/fontaneriamon.com\/servicios\/","name":"Servicios - Fontaner\u00eda y Calefacci\u00f3n Oscar","isPartOf":{"@id":"https:\/\/fontaneriamon.com\/#website"},"datePublished":"2024-10-16T14:42:23+00:00","dateModified":"2025-03-25T08:11:14+00:00","breadcrumb":{"@id":"https:\/\/fontaneriamon.com\/servicios\/#breadcrumb"},"inLanguage":"eu","potentialAction":[{"@type":"ReadAction","target":["https:\/\/fontaneriamon.com\/servicios\/"]}]},{"@type":"BreadcrumbList","@id":"https:\/\/fontaneriamon.com\/servicios\/#breadcrumb","itemListElement":[{"@type":"ListItem","position":1,"name":"Portada","item":"https:\/\/fontaneriamon.com\/"},{"@type":"ListItem","position":2,"name":"Servicios"}]},{"@type":"WebSite","@id":"https:\/\/fontaneriamon.com\/#website","url":"https:\/\/fontaneriamon.com\/","name":"Iturgintza eta berogailua Oscar","description":"Fontaner\u00eda y calefacci\u00f3n","publisher":{"@id":"https:\/\/fontaneriamon.com\/#organization"},"potentialAction":[{"@type":"SearchAction","target":{"@type":"EntryPoint","urlTemplate":"https:\/\/fontaneriamon.com\/?s={search_term_string}"},"query-input":{"@type":"PropertyValueSpecification","valueRequired":true,"valueName":"search_term_string"}}],"inLanguage":"eu"},{"@type":"Organization","@id":"https:\/\/fontaneriamon.com\/#organization","name":"Iturgintza eta berogailua Oscar","url":"https:\/\/fontaneriamon.com\/","logo":{"@type":"ImageObject","inLanguage":"eu","@id":"https:\/\/fontaneriamon.com\/#\/schema\/logo\/image\/","url":"https:\/\/fontaneriamon.com\/wp-content\/uploads\/2025\/03\/cropped-Design-sem-nome.png","contentUrl":"https:\/\/fontaneriamon.com\/wp-content\/uploads\/2025\/03\/cropped-Design-sem-nome.png","width":500,"height":184,"caption":"Fontaner\u00eda y Calefacci\u00f3n Oscar"},"image":{"@id":"https:\/\/fontaneriamon.com\/#\/schema\/logo\/image\/"}}]}},"_links":{"self":[{"href":"https:\/\/fontaneriamon.com\/eu\/wp-json\/wp\/v2\/pages\/14","targetHints":{"allow":["GET"]}}],"collection":[{"href":"https:\/\/fontaneriamon.com\/eu\/wp-json\/wp\/v2\/pages"}],"about":[{"href":"https:\/\/fontaneriamon.com\/eu\/wp-json\/wp\/v2\/types\/page"}],"author":[{"embeddable":true,"href":"https:\/\/fontaneriamon.com\/eu\/wp-json\/wp\/v2\/users\/4"}],"replies":[{"embeddable":true,"href":"https:\/\/fontaneriamon.com\/eu\/wp-json\/wp\/v2\/comments?post=14"}],"version-history":[{"count":597,"href":"https:\/\/fontaneriamon.com\/eu\/wp-json\/wp\/v2\/pages\/14\/revisions"}],"predecessor-version":[{"id":2244,"href":"https:\/\/fontaneriamon.com\/eu\/wp-json\/wp\/v2\/pages\/14\/revisions\/2244"}],"wp:attachment":[{"href":"https:\/\/fontaneriamon.com\/eu\/wp-json\/wp\/v2\/media?parent=14"}],"curies":[{"name":"wp","href":"https:\/\/api.w.org\/{rel}","templated":true}]}}