{"id":941,"date":"2024-10-17T15:49:26","date_gmt":"2024-10-17T15:49:26","guid":{"rendered":"https:\/\/openshops.rkinformatika.online\/?page_id=941"},"modified":"2025-03-25T08:26:38","modified_gmt":"2025-03-25T08:26:38","slug":"inicio","status":"publish","type":"page","link":"https:\/\/fontaneriamon.com\/eu\/","title":{"rendered":"HASIERA"},"content":{"rendered":"<div data-elementor-type=\"wp-page\" data-elementor-id=\"941\" class=\"elementor elementor-941\" data-elementor-post-type=\"page\">\n\t\t\t\t\t\t<section class=\"elementor-section elementor-top-section elementor-element elementor-element-2ceda46f elementor-section-height-min-height elementor-section-boxed elementor-section-height-default elementor-section-items-middle\" data-id=\"2ceda46f\" data-element_type=\"section\" data-e-type=\"section\" data-settings=\"{&quot;background_background&quot;:&quot;classic&quot;}\">\n\t\t\t\t\t\t\t<div class=\"elementor-background-overlay\"><\/div>\n\t\t\t\t\t\t\t<div class=\"elementor-container elementor-column-gap-no\">\n\t\t\t\t\t<div class=\"elementor-column elementor-col-100 elementor-top-column elementor-element elementor-element-21c58e5c\" data-id=\"21c58e5c\" data-element_type=\"column\" data-e-type=\"column\">\n\t\t\t<div class=\"elementor-widget-wrap elementor-element-populated\">\n\t\t\t\t\t\t<div class=\"elementor-element elementor-element-42f39f1c elementor-invisible elementor-widget elementor-widget-heading\" data-id=\"42f39f1c\" data-element_type=\"widget\" data-e-type=\"widget\" data-settings=\"{&quot;_animation&quot;:&quot;zoomIn&quot;}\" data-widget_type=\"heading.default\">\n\t\t\t\t<div class=\"elementor-widget-container\">\n\t\t\t\t\t<h2 class=\"elementor-heading-title elementor-size-default\">Ongi etorri <br>Iturgintza eta berogailua Oscar<\/h2>\t\t\t\t<\/div>\n\t\t\t\t<\/div>\n\t\t\t\t<div class=\"elementor-element elementor-element-b0d6e71 elementor-widget-divider--view-line_text elementor-widget-divider--element-align-right elementor-invisible elementor-widget elementor-widget-divider\" data-id=\"b0d6e71\" data-element_type=\"widget\" data-e-type=\"widget\" data-settings=\"{&quot;_animation&quot;:&quot;zoomIn&quot;}\" data-widget_type=\"divider.default\">\n\t\t\t\t<div class=\"elementor-widget-container\">\n\t\t\t\t\t\t\t<div class=\"elementor-divider\">\n\t\t\t<span class=\"elementor-divider-separator\">\n\t\t\t\t\t\t\t<span class=\"elementor-divider__text elementor-divider__element\">\n\t\t\t\t25 urte\t\t\t\t<\/span>\n\t\t\t\t\t\t<\/span>\n\t\t<\/div>\n\t\t\t\t\t\t<\/div>\n\t\t\t\t<\/div>\n\t\t\t\t<section class=\"elementor-section elementor-inner-section elementor-element elementor-element-5200ffaf elementor-section-boxed elementor-section-height-default elementor-section-height-default\" data-id=\"5200ffaf\" data-element_type=\"section\" data-e-type=\"section\">\n\t\t\t\t\t\t<div class=\"elementor-container elementor-column-gap-no\">\n\t\t\t\t\t<div class=\"elementor-column elementor-col-100 elementor-inner-column elementor-element elementor-element-c65b071\" data-id=\"c65b071\" data-element_type=\"column\" data-e-type=\"column\">\n\t\t\t<div class=\"elementor-widget-wrap\">\n\t\t\t\t\t\t\t<\/div>\n\t\t<\/div>\n\t\t\t\t\t<\/div>\n\t\t<\/section>\n\t\t\t\t\t<\/div>\n\t\t<\/div>\n\t\t\t\t\t<\/div>\n\t\t<\/section>\n\t\t\t\t<section class=\"elementor-section elementor-top-section elementor-element elementor-element-4c97510d elementor-section-content-middle elementor-section-boxed elementor-section-height-default elementor-section-height-default\" data-id=\"4c97510d\" data-element_type=\"section\" data-e-type=\"section\" data-settings=\"{&quot;background_background&quot;:&quot;classic&quot;}\">\n\t\t\t\t\t\t<div class=\"elementor-container elementor-column-gap-no\">\n\t\t\t\t\t<div class=\"elementor-column elementor-col-50 elementor-top-column elementor-element elementor-element-429b18ab elementor-invisible\" data-id=\"429b18ab\" data-element_type=\"column\" data-e-type=\"column\" data-settings=\"{&quot;animation&quot;:&quot;fadeInLeft&quot;,&quot;animation_delay&quot;:300}\">\n\t\t\t<div class=\"elementor-widget-wrap elementor-element-populated\">\n\t\t\t\t\t\t<div class=\"elementor-element elementor-element-15c43cc1 elementor-widget elementor-widget-image\" data-id=\"15c43cc1\" data-element_type=\"widget\" data-e-type=\"widget\" data-widget_type=\"image.default\">\n\t\t\t\t<div class=\"elementor-widget-container\">\n\t\t\t\t\t\t\t\t\t\t\t\t\t\t\t<img fetchpriority=\"high\" decoding=\"async\" width=\"1500\" height=\"1000\" src=\"https:\/\/fontaneriamon.com\/wp-content\/uploads\/2025\/03\/2149176718.jpg\" class=\"attachment-full size-full wp-image-2151\" alt=\"\" srcset=\"https:\/\/fontaneriamon.com\/wp-content\/uploads\/2025\/03\/2149176718.jpg 1500w, https:\/\/fontaneriamon.com\/wp-content\/uploads\/2025\/03\/2149176718-300x200.jpg 300w, https:\/\/fontaneriamon.com\/wp-content\/uploads\/2025\/03\/2149176718-1024x683.jpg 1024w, https:\/\/fontaneriamon.com\/wp-content\/uploads\/2025\/03\/2149176718-768x512.jpg 768w, https:\/\/fontaneriamon.com\/wp-content\/uploads\/2025\/03\/2149176718-18x12.jpg 18w\" sizes=\"(max-width: 1500px) 100vw, 1500px\" \/>\t\t\t\t\t\t\t\t\t\t\t\t\t\t\t<\/div>\n\t\t\t\t<\/div>\n\t\t\t\t\t<\/div>\n\t\t<\/div>\n\t\t\t\t<div class=\"elementor-column elementor-col-50 elementor-top-column elementor-element elementor-element-37bb1425\" data-id=\"37bb1425\" data-element_type=\"column\" data-e-type=\"column\">\n\t\t\t<div class=\"elementor-widget-wrap elementor-element-populated\">\n\t\t\t\t\t\t<section class=\"elementor-section elementor-inner-section elementor-element elementor-element-6b04b859 elementor-section-boxed elementor-section-height-default elementor-section-height-default\" data-id=\"6b04b859\" data-element_type=\"section\" data-e-type=\"section\" data-settings=\"{&quot;background_background&quot;:&quot;classic&quot;}\">\n\t\t\t\t\t\t\t<div class=\"elementor-background-overlay\"><\/div>\n\t\t\t\t\t\t\t<div class=\"elementor-container elementor-column-gap-no\">\n\t\t\t\t\t<div class=\"elementor-column elementor-col-100 elementor-inner-column elementor-element elementor-element-505014f4 elementor-invisible\" data-id=\"505014f4\" data-element_type=\"column\" data-e-type=\"column\" data-settings=\"{&quot;background_background&quot;:&quot;classic&quot;,&quot;animation&quot;:&quot;fadeInRight&quot;}\">\n\t\t\t<div class=\"elementor-widget-wrap elementor-element-populated\">\n\t\t\t\t\t\t<div class=\"elementor-element elementor-element-5a255791 elementor-widget elementor-widget-heading\" data-id=\"5a255791\" data-element_type=\"widget\" data-e-type=\"widget\" data-widget_type=\"heading.default\">\n\t\t\t\t<div class=\"elementor-widget-container\">\n\t\t\t\t\t<h2 class=\"elementor-heading-title elementor-size-default\">Iturgintza eta berogailua Oscar<\/h2>\t\t\t\t<\/div>\n\t\t\t\t<\/div>\n\t\t\t\t<div class=\"elementor-element elementor-element-40bf7b26 elementor-widget elementor-widget-text-editor\" data-id=\"40bf7b26\" data-element_type=\"widget\" data-e-type=\"widget\" data-widget_type=\"text-editor.default\">\n\t\t\t\t<div class=\"elementor-widget-container\">\n\t\t\t\t\t\t\t\t\t<div class=\"flex-shrink-0 flex flex-col relative items-end\"><div class=\"pt-0\"><div class=\"gizmo-bot-avatar flex h-8 w-8 items-center justify-center overflow-hidden rounded-full\"><p>25 urteko esperientzia dugu sektorean, eta iturgintzan eta berokuntzan soluzio profesionalak eskaintzen ditugu. Galdarak, zoru erradiatzaileko sistemak eta aerotermia instalatzen, konpontzen eta mantentzen espezializatzen gara. Gainera, erreforma integralak eta mantentze prebentiboak egiten ditugu, zure instalazioen funtzionamendu egokia ziurtatzeko. Izan konfiantza gugan, kalitatezko zerbitzu eraginkor baterako.<\/p><\/div><\/div><\/div>\t\t\t\t\t\t\t\t<\/div>\n\t\t\t\t<\/div>\n\t\t\t\t<div class=\"elementor-element elementor-element-4952c455 elementor-align-center elementor-widget elementor-widget-button\" data-id=\"4952c455\" data-element_type=\"widget\" data-e-type=\"widget\" data-widget_type=\"button.default\">\n\t\t\t\t<div class=\"elementor-widget-container\">\n\t\t\t\t\t\t\t\t\t<div class=\"elementor-button-wrapper\">\n\t\t\t\t\t<a class=\"elementor-button elementor-button-link elementor-size-sm elementor-animation-float\" href=\"https:\/\/fontaneriamon.com\/eu\/servicios\/\">\n\t\t\t\t\t\t<span class=\"elementor-button-content-wrapper\">\n\t\t\t\t\t\t\t\t\t<span class=\"elementor-button-text\">ZERBITZUAK<\/span>\n\t\t\t\t\t<\/span>\n\t\t\t\t\t<\/a>\n\t\t\t\t<\/div>\n\t\t\t\t\t\t\t\t<\/div>\n\t\t\t\t<\/div>\n\t\t\t\t\t<\/div>\n\t\t<\/div>\n\t\t\t\t\t<\/div>\n\t\t<\/section>\n\t\t\t\t\t<\/div>\n\t\t<\/div>\n\t\t\t\t\t<\/div>\n\t\t<\/section>\n\t\t\t\t<section class=\"elementor-section elementor-top-section elementor-element elementor-element-2ee96431 elementor-section-boxed elementor-section-height-default elementor-section-height-default\" data-id=\"2ee96431\" data-element_type=\"section\" data-e-type=\"section\" data-settings=\"{&quot;background_background&quot;:&quot;classic&quot;}\">\n\t\t\t\t\t\t\t<div class=\"elementor-background-overlay\"><\/div>\n\t\t\t\t\t\t\t<div class=\"elementor-container elementor-column-gap-no\">\n\t\t\t\t\t<div class=\"elementor-column elementor-col-100 elementor-top-column elementor-element elementor-element-5f1a4080\" data-id=\"5f1a4080\" data-element_type=\"column\" data-e-type=\"column\" data-settings=\"{&quot;background_background&quot;:&quot;classic&quot;}\">\n\t\t\t<div class=\"elementor-widget-wrap elementor-element-populated\">\n\t\t\t\t\t\t<div class=\"elementor-element elementor-element-4c04fdc6 elementor-invisible elementor-widget elementor-widget-heading\" data-id=\"4c04fdc6\" data-element_type=\"widget\" data-e-type=\"widget\" data-settings=\"{&quot;_animation&quot;:&quot;zoomIn&quot;}\" data-widget_type=\"heading.default\">\n\t\t\t\t<div class=\"elementor-widget-container\">\n\t\t\t\t\t<h2 class=\"elementor-heading-title elementor-size-default\">Esaiguzu zer behar duzun, eta guk emango dizugu. <\/h2>\t\t\t\t<\/div>\n\t\t\t\t<\/div>\n\t\t\t\t<div class=\"elementor-element elementor-element-a6cd98e elementor-align-center elementor-invisible elementor-widget elementor-widget-button\" data-id=\"a6cd98e\" data-element_type=\"widget\" data-e-type=\"widget\" data-settings=\"{&quot;_animation&quot;:&quot;zoomIn&quot;}\" data-widget_type=\"button.default\">\n\t\t\t\t<div class=\"elementor-widget-container\">\n\t\t\t\t\t\t\t\t\t<div class=\"elementor-button-wrapper\">\n\t\t\t\t\t<a class=\"elementor-button elementor-button-link elementor-size-sm elementor-animation-hang\" href=\"https:\/\/fontaneriamon.com\/eu\/contacto\/\">\n\t\t\t\t\t\t<span class=\"elementor-button-content-wrapper\">\n\t\t\t\t\t\t\t\t\t<span class=\"elementor-button-text\">Jarri gurekin harremanetan<\/span>\n\t\t\t\t\t<\/span>\n\t\t\t\t\t<\/a>\n\t\t\t\t<\/div>\n\t\t\t\t\t\t\t\t<\/div>\n\t\t\t\t<\/div>\n\t\t\t\t\t<\/div>\n\t\t<\/div>\n\t\t\t\t\t<\/div>\n\t\t<\/section>\n\t\t\t\t<\/div>","protected":false},"excerpt":{"rendered":"<p>Bienvenidos a Fontaner\u00eda y Calefacci\u00f3n Oscar 25 a\u00f1os Fontaner\u00eda y Calefacci\u00f3n Oscar Con 25 a\u00f1os de experiencia en el sector, ofrecemos soluciones profesionales en fontaner\u00eda y calefacci\u00f3n. Nos especializamos en la instalaci\u00f3n, reparaci\u00f3n y mantenimiento de calderas, sistemas de suelo radiante y aerotermia. Adem\u00e1s, realizamos reformas integrales y mantenimientos preventivos para asegurar el buen funcionamiento [&hellip;]<\/p>\n","protected":false},"author":4,"featured_media":0,"parent":0,"menu_order":0,"comment_status":"closed","ping_status":"closed","template":"elementor_canvas","meta":{"footnotes":""},"class_list":["post-941","page","type-page","status-publish","hentry"],"yoast_head":"<!-- This site is optimized with the Yoast SEO plugin v27.3 - https:\/\/yoast.com\/product\/yoast-seo-wordpress\/ -->\n<title>Inicio - Fontaner\u00eda y Calefacci\u00f3n Oscar<\/title>\n<meta name=\"robots\" content=\"index, follow, max-snippet:-1, max-image-preview:large, max-video-preview:-1\" \/>\n<link rel=\"canonical\" href=\"https:\/\/fontaneriamon.com\/eu\/\" \/>\n<meta property=\"og:locale\" content=\"en_US\" \/>\n<meta property=\"og:type\" content=\"article\" \/>\n<meta property=\"og:title\" content=\"Inicio - Fontaner\u00eda y Calefacci\u00f3n Oscar\" \/>\n<meta property=\"og:description\" content=\"Bienvenidos a Fontaner\u00eda y Calefacci\u00f3n Oscar 25 a\u00f1os Fontaner\u00eda y Calefacci\u00f3n Oscar Con 25 a\u00f1os de experiencia en el sector, ofrecemos soluciones profesionales en fontaner\u00eda y calefacci\u00f3n. Nos especializamos en la instalaci\u00f3n, reparaci\u00f3n y mantenimiento de calderas, sistemas de suelo radiante y aerotermia. Adem\u00e1s, realizamos reformas integrales y mantenimientos preventivos para asegurar el buen funcionamiento [&hellip;]\" \/>\n<meta property=\"og:url\" content=\"https:\/\/fontaneriamon.com\/eu\/\" \/>\n<meta property=\"og:site_name\" content=\"Fontaner\u00eda y Calefacci\u00f3n Oscar\" \/>\n<meta property=\"article:modified_time\" content=\"2025-03-25T08:26:38+00:00\" \/>\n<meta property=\"og:image\" content=\"https:\/\/fontaneriamon.com\/wp-content\/uploads\/2025\/03\/2149176718.jpg\" \/>\n\t<meta property=\"og:image:width\" content=\"1500\" \/>\n\t<meta property=\"og:image:height\" content=\"1000\" \/>\n\t<meta property=\"og:image:type\" content=\"image\/jpeg\" \/>\n<meta name=\"twitter:card\" content=\"summary_large_image\" \/>\n<meta name=\"twitter:label1\" content=\"Est. reading time\" \/>\n\t<meta name=\"twitter:data1\" content=\"1 minutua\" \/>\n<script type=\"application\/ld+json\" class=\"yoast-schema-graph\">{\"@context\":\"https:\\\/\\\/schema.org\",\"@graph\":[{\"@type\":\"WebPage\",\"@id\":\"https:\\\/\\\/fontaneriamon.com\\\/\",\"url\":\"https:\\\/\\\/fontaneriamon.com\\\/\",\"name\":\"Inicio - Fontaner\u00eda y Calefacci\u00f3n Oscar\",\"isPartOf\":{\"@id\":\"https:\\\/\\\/fontaneriamon.com\\\/#website\"},\"primaryImageOfPage\":{\"@id\":\"https:\\\/\\\/fontaneriamon.com\\\/#primaryimage\"},\"image\":{\"@id\":\"https:\\\/\\\/fontaneriamon.com\\\/#primaryimage\"},\"thumbnailUrl\":\"https:\\\/\\\/fontaneriamon.com\\\/wp-content\\\/uploads\\\/2025\\\/03\\\/2149176718.jpg\",\"datePublished\":\"2024-10-17T15:49:26+00:00\",\"dateModified\":\"2025-03-25T08:26:38+00:00\",\"breadcrumb\":{\"@id\":\"https:\\\/\\\/fontaneriamon.com\\\/#breadcrumb\"},\"inLanguage\":\"eu\",\"potentialAction\":[{\"@type\":\"ReadAction\",\"target\":[\"https:\\\/\\\/fontaneriamon.com\\\/\"]}]},{\"@type\":\"ImageObject\",\"inLanguage\":\"eu\",\"@id\":\"https:\\\/\\\/fontaneriamon.com\\\/#primaryimage\",\"url\":\"https:\\\/\\\/fontaneriamon.com\\\/wp-content\\\/uploads\\\/2025\\\/03\\\/2149176718.jpg\",\"contentUrl\":\"https:\\\/\\\/fontaneriamon.com\\\/wp-content\\\/uploads\\\/2025\\\/03\\\/2149176718.jpg\"},{\"@type\":\"BreadcrumbList\",\"@id\":\"https:\\\/\\\/fontaneriamon.com\\\/#breadcrumb\",\"itemListElement\":[{\"@type\":\"ListItem\",\"position\":1,\"name\":\"Portada\",\"item\":\"https:\\\/\\\/fontaneriamon.com\\\/\"},{\"@type\":\"ListItem\",\"position\":2,\"name\":\"Inicio\"}]},{\"@type\":\"WebSite\",\"@id\":\"https:\\\/\\\/fontaneriamon.com\\\/#website\",\"url\":\"https:\\\/\\\/fontaneriamon.com\\\/\",\"name\":\"Fontaner\u00eda y Calefacci\u00f3n Oscar\",\"description\":\"Fontaner\u00eda y calefacci\u00f3n \",\"publisher\":{\"@id\":\"https:\\\/\\\/fontaneriamon.com\\\/#organization\"},\"potentialAction\":[{\"@type\":\"SearchAction\",\"target\":{\"@type\":\"EntryPoint\",\"urlTemplate\":\"https:\\\/\\\/fontaneriamon.com\\\/?s={search_term_string}\"},\"query-input\":{\"@type\":\"PropertyValueSpecification\",\"valueRequired\":true,\"valueName\":\"search_term_string\"}}],\"inLanguage\":\"eu\"},{\"@type\":\"Organization\",\"@id\":\"https:\\\/\\\/fontaneriamon.com\\\/#organization\",\"name\":\"Fontaner\u00eda y Calefacci\u00f3n Oscar\",\"url\":\"https:\\\/\\\/fontaneriamon.com\\\/\",\"logo\":{\"@type\":\"ImageObject\",\"inLanguage\":\"eu\",\"@id\":\"https:\\\/\\\/fontaneriamon.com\\\/#\\\/schema\\\/logo\\\/image\\\/\",\"url\":\"https:\\\/\\\/fontaneriamon.com\\\/wp-content\\\/uploads\\\/2025\\\/03\\\/cropped-Design-sem-nome.png\",\"contentUrl\":\"https:\\\/\\\/fontaneriamon.com\\\/wp-content\\\/uploads\\\/2025\\\/03\\\/cropped-Design-sem-nome.png\",\"width\":500,\"height\":184,\"caption\":\"Fontaner\u00eda y Calefacci\u00f3n Oscar\"},\"image\":{\"@id\":\"https:\\\/\\\/fontaneriamon.com\\\/#\\\/schema\\\/logo\\\/image\\\/\"}}]}<\/script>\n<!-- \/ Yoast SEO plugin. -->","yoast_head_json":{"title":"Inicio - Fontaner\u00eda y Calefacci\u00f3n Oscar","robots":{"index":"index","follow":"follow","max-snippet":"max-snippet:-1","max-image-preview":"max-image-preview:large","max-video-preview":"max-video-preview:-1"},"canonical":"https:\/\/fontaneriamon.com\/eu\/","og_locale":"en_US","og_type":"article","og_title":"Inicio - Fontaner\u00eda y Calefacci\u00f3n Oscar","og_description":"Bienvenidos a Fontaner\u00eda y Calefacci\u00f3n Oscar 25 a\u00f1os Fontaner\u00eda y Calefacci\u00f3n Oscar Con 25 a\u00f1os de experiencia en el sector, ofrecemos soluciones profesionales en fontaner\u00eda y calefacci\u00f3n. Nos especializamos en la instalaci\u00f3n, reparaci\u00f3n y mantenimiento de calderas, sistemas de suelo radiante y aerotermia. Adem\u00e1s, realizamos reformas integrales y mantenimientos preventivos para asegurar el buen funcionamiento [&hellip;]","og_url":"https:\/\/fontaneriamon.com\/eu\/","og_site_name":"Fontaner\u00eda y Calefacci\u00f3n Oscar","article_modified_time":"2025-03-25T08:26:38+00:00","og_image":[{"width":1500,"height":1000,"url":"https:\/\/fontaneriamon.com\/wp-content\/uploads\/2025\/03\/2149176718.jpg","type":"image\/jpeg"}],"twitter_card":"summary_large_image","twitter_misc":{"Est. reading time":"1 minutua"},"schema":{"@context":"https:\/\/schema.org","@graph":[{"@type":"WebPage","@id":"https:\/\/fontaneriamon.com\/","url":"https:\/\/fontaneriamon.com\/","name":"Inicio - Fontaner\u00eda y Calefacci\u00f3n Oscar","isPartOf":{"@id":"https:\/\/fontaneriamon.com\/#website"},"primaryImageOfPage":{"@id":"https:\/\/fontaneriamon.com\/#primaryimage"},"image":{"@id":"https:\/\/fontaneriamon.com\/#primaryimage"},"thumbnailUrl":"https:\/\/fontaneriamon.com\/wp-content\/uploads\/2025\/03\/2149176718.jpg","datePublished":"2024-10-17T15:49:26+00:00","dateModified":"2025-03-25T08:26:38+00:00","breadcrumb":{"@id":"https:\/\/fontaneriamon.com\/#breadcrumb"},"inLanguage":"eu","potentialAction":[{"@type":"ReadAction","target":["https:\/\/fontaneriamon.com\/"]}]},{"@type":"ImageObject","inLanguage":"eu","@id":"https:\/\/fontaneriamon.com\/#primaryimage","url":"https:\/\/fontaneriamon.com\/wp-content\/uploads\/2025\/03\/2149176718.jpg","contentUrl":"https:\/\/fontaneriamon.com\/wp-content\/uploads\/2025\/03\/2149176718.jpg"},{"@type":"BreadcrumbList","@id":"https:\/\/fontaneriamon.com\/#breadcrumb","itemListElement":[{"@type":"ListItem","position":1,"name":"Portada","item":"https:\/\/fontaneriamon.com\/"},{"@type":"ListItem","position":2,"name":"Inicio"}]},{"@type":"WebSite","@id":"https:\/\/fontaneriamon.com\/#website","url":"https:\/\/fontaneriamon.com\/","name":"Iturgintza eta berogailua Oscar","description":"Fontaner\u00eda y calefacci\u00f3n","publisher":{"@id":"https:\/\/fontaneriamon.com\/#organization"},"potentialAction":[{"@type":"SearchAction","target":{"@type":"EntryPoint","urlTemplate":"https:\/\/fontaneriamon.com\/?s={search_term_string}"},"query-input":{"@type":"PropertyValueSpecification","valueRequired":true,"valueName":"search_term_string"}}],"inLanguage":"eu"},{"@type":"Organization","@id":"https:\/\/fontaneriamon.com\/#organization","name":"Iturgintza eta berogailua Oscar","url":"https:\/\/fontaneriamon.com\/","logo":{"@type":"ImageObject","inLanguage":"eu","@id":"https:\/\/fontaneriamon.com\/#\/schema\/logo\/image\/","url":"https:\/\/fontaneriamon.com\/wp-content\/uploads\/2025\/03\/cropped-Design-sem-nome.png","contentUrl":"https:\/\/fontaneriamon.com\/wp-content\/uploads\/2025\/03\/cropped-Design-sem-nome.png","width":500,"height":184,"caption":"Fontaner\u00eda y Calefacci\u00f3n Oscar"},"image":{"@id":"https:\/\/fontaneriamon.com\/#\/schema\/logo\/image\/"}}]}},"_links":{"self":[{"href":"https:\/\/fontaneriamon.com\/eu\/wp-json\/wp\/v2\/pages\/941","targetHints":{"allow":["GET"]}}],"collection":[{"href":"https:\/\/fontaneriamon.com\/eu\/wp-json\/wp\/v2\/pages"}],"about":[{"href":"https:\/\/fontaneriamon.com\/eu\/wp-json\/wp\/v2\/types\/page"}],"author":[{"embeddable":true,"href":"https:\/\/fontaneriamon.com\/eu\/wp-json\/wp\/v2\/users\/4"}],"replies":[{"embeddable":true,"href":"https:\/\/fontaneriamon.com\/eu\/wp-json\/wp\/v2\/comments?post=941"}],"version-history":[{"count":649,"href":"https:\/\/fontaneriamon.com\/eu\/wp-json\/wp\/v2\/pages\/941\/revisions"}],"predecessor-version":[{"id":2268,"href":"https:\/\/fontaneriamon.com\/eu\/wp-json\/wp\/v2\/pages\/941\/revisions\/2268"}],"wp:attachment":[{"href":"https:\/\/fontaneriamon.com\/eu\/wp-json\/wp\/v2\/media?parent=941"}],"curies":[{"name":"wp","href":"https:\/\/api.w.org\/{rel}","templated":true}]}}